{"id":283343,"date":"2025-05-16T09:38:28","date_gmt":"2025-05-16T09:38:28","guid":{"rendered":"https:\/\/pbssoles.2fcom.me\/produkte\/"},"modified":"2025-06-12T14:59:57","modified_gmt":"2025-06-12T14:59:57","slug":"produkte","status":"publish","type":"page","link":"https:\/\/pbssoles.it\/de\/produkte\/","title":{"rendered":"Produkte"},"content":{"rendered":"<p>[et_pb_section fb_built=&#8220;1&#8243; _builder_version=&#8220;4.27.4&#8243; _module_preset=&#8220;default&#8220; use_background_color_gradient=&#8220;on&#8220; background_color_gradient_stops=&#8220;#111d15 0%|rgba(17,29,21,0.24) 100%&#8220; background_color_gradient_overlays_image=&#8220;on&#8220; background_image=&#8220;https:\/\/pbssoles.it\/wp-content\/uploads\/2025\/06\/Prodotti-1.jpg&#8220; custom_padding=&#8220;100px||100px||true|false&#8220; global_colors_info=&#8220;{}&#8220;][et_pb_row _builder_version=&#8220;4.27.4&#8243; _module_preset=&#8220;default&#8220; width=&#8220;60%&#8220; width_tablet=&#8220;90%&#8220; width_phone=&#8220;90%&#8220; width_last_edited=&#8220;on|tablet&#8220; global_colors_info=&#8220;{}&#8220;][et_pb_column type=&#8220;4_4&#8243; _builder_version=&#8220;4.27.4&#8243; _module_preset=&#8220;default&#8220; global_colors_info=&#8220;{}&#8220;][et_pb_heading title=&#8220;Ma\u00dfgeschneiderte Sohlen f\u00fcr jede Produktions- und Stilanforderung&#8220; _builder_version=&#8220;4.27.4&#8243; _module_preset=&#8220;default&#8220; title_text_align=&#8220;center&#8220; title_text_color=&#8220;#FFFFFF&#8220; global_colors_info=&#8220;{}&#8220;][\/et_pb_heading][et_pb_button button_url=&#8220;@ET-DC@eyJkeW5hbWljIjp0cnVlLCJjb250ZW50IjoicG9zdF9saW5rX3VybF9wYWdlIiwic2V0dGluZ3MiOnsicG9zdF9pZCI6IjMxIiwiZW5hYmxlX2h0bWwiOiJvZmYifX0=@&#8220; button_text=&#8220;Kontaktieren Sie uns&#8220; button_alignment=&#8220;center&#8220; _builder_version=&#8220;4.27.4&#8243; _dynamic_attributes=&#8220;button_url&#8220; _module_preset=&#8220;default&#8220; global_colors_info=&#8220;{}&#8220;][\/et_pb_button][\/et_pb_column][\/et_pb_row][\/et_pb_section][et_pb_section fb_built=&#8220;1&#8243; _builder_version=&#8220;4.27.4&#8243; _module_preset=&#8220;default&#8220; background_color=&#8220;#FFFFFF&#8220; collapsed=&#8220;on&#8220; global_colors_info=&#8220;{}&#8220;][et_pb_row _builder_version=&#8220;4.27.4&#8243; _module_preset=&#8220;default&#8220; width=&#8220;50%&#8220; width_tablet=&#8220;90%&#8220; width_phone=&#8220;90%&#8220; width_last_edited=&#8220;on|tablet&#8220; global_colors_info=&#8220;{}&#8220;][et_pb_column type=&#8220;4_4&#8243; _builder_version=&#8220;4.27.4&#8243; _module_preset=&#8220;default&#8220; global_colors_info=&#8220;{}&#8220;][et_pb_text _builder_version=&#8220;4.27.4&#8243; _module_preset=&#8220;default&#8220; text_font=&#8220;|||on|||||&#8220; text_text_color=&#8220;#DA2C1C&#8220; text_orientation=&#8220;center&#8220; global_colors_info=&#8220;{}&#8220;]<\/p>\n<p>Unsere Produkte<\/p>\n<p>[\/et_pb_text][et_pb_heading title=&#8220;Technologie und handwerkliche Qualit\u00e4t &#8220; _builder_version=&#8220;4.27.4&#8243; _module_preset=&#8220;default&#8220; title_level=&#8220;h2&#8243; title_text_align=&#8220;center&#8220; custom_margin=&#8220;||10px|||&#8220; global_colors_info=&#8220;{}&#8220;][\/et_pb_heading][et_pb_text _builder_version=&#8220;4.27.4&#8243; _module_preset=&#8220;default&#8220; text_orientation=&#8220;center&#8220; global_colors_info=&#8220;{}&#8220;]<\/p>\n<p>Ma\u00dfgefertigte Sohlen f\u00fcr jede Anforderung \u2013 entwickelt, um Funktionalit\u00e4t, Komfort und Stil zu vereinen und sich an jede Art von Schuhwerk anzupassen, vom technischen Modell bis zur Modekollektion.<\/p>\n<p>[\/et_pb_text][\/et_pb_column][\/et_pb_row][et_pb_row _builder_version=&#8220;4.27.4&#8243; _module_preset=&#8220;default&#8220; width=&#8220;90%&#8220; module_alignment=&#8220;center&#8220; global_colors_info=&#8220;{}&#8220;][et_pb_column type=&#8220;4_4&#8243; _builder_version=&#8220;4.27.4&#8243; _module_preset=&#8220;default&#8220; global_colors_info=&#8220;{}&#8220;][difl_contentcarousel item_desktop=&#8220;4&#8243; item_spacing=&#8220;40px&#8220; loop=&#8220;on&#8220; autoplay=&#8220;on&#8220; pause_hover=&#8220;on&#8220; arrow=&#8220;on&#8220; equal_height=&#8220;on&#8220; arrow_color=&#8220;#DA2C1C&#8220; arrow_background=&#8220;RGBA(255,255,255,0)&#8220; arrow_position=&#8220;bottom&#8220; arrow_align=&#8220;center&#8220; arrow_prev_icon_use_icon=&#8220;on&#8220; arrow_prev_icon_font_icon=&#8220;&#xf060;||fa||900&#8243; arrow_prev_icon_icon_size=&#8220;24px&#8220; arrow_next_icon_use_icon=&#8220;on&#8220; arrow_next_icon_font_icon=&#8220;&#xf061;||fa||900&#8243; arrow_next_icon_icon_size=&#8220;24px&#8220; arrow_prev_margin=&#8220;30px||||false|false&#8220; arrow_prev_margin_tablet=&#8220;0px||20px||false|false&#8220; arrow_prev_margin_phone=&#8220;0px||20px||false|false&#8220; arrow_prev_margin_last_edited=&#8220;on|tablet&#8220; arrow_next_margin=&#8220;30px||||false|false&#8220; arrow_next_margin_tablet=&#8220;0px||20px||false|false&#8220; arrow_next_margin_phone=&#8220;0px||20px||false|false&#8220; arrow_next_margin_last_edited=&#8220;on|tablet&#8220; button_padding=&#8220;0px|0px|0px|0px|true|true&#8220; wrapper_padding=&#8220;0px||0px||false|false&#8220; wrapper_padding_tablet=&#8220;0px||0px||false|false&#8220; wrapper_padding_phone=&#8220;0px|2px|||false|false&#8220; wrapper_padding_last_edited=&#8220;on|phone&#8220; item_wrapper_padding=&#8220;30px|15px|30px|40px|true|false&#8220; item_wrapper_padding_tablet=&#8220;25px||25px|30px|true|false&#8220; item_wrapper_padding_phone=&#8220;20px|20px|20px|20px|true|false&#8220; item_wrapper_padding_last_edited=&#8220;on|tablet&#8220; title_margin=&#8220;100px||||false|false&#8220; title_margin_tablet=&#8220;80px||||false|false&#8220; title_margin_phone=&#8220;60px||||false|false&#8220; title_margin_last_edited=&#8220;on|tablet&#8220; title_padding=&#8220;0px|0px|10px|0px|false|false&#8220; content_margin=&#8220;||40px||false|false&#8220; content_margin_tablet=&#8220;||40px||false|false&#8220; content_margin_phone=&#8220;||40px||false|false&#8220; content_margin_last_edited=&#8220;on|phone&#8220; item_spacing_tablet=&#8220;30px&#8220; item_spacing_phone=&#8220;20px&#8220; item_spacing_last_edited=&#8220;on|desktop&#8220; arrow_align_tablet=&#8220;center&#8220; arrow_align_phone=&#8220;center&#8220; arrow_align_last_edited=&#8220;on|phone&#8220; _builder_version=&#8220;4.27.4&#8243; _module_preset=&#8220;default&#8220; cc_title_font=&#8220;|&#8211;et_global_heading_font_weight|||||||&#8220; cc_title_text_color=&#8220;#F6F6F6&#8243; cc_content_font=&#8220;Plus Jakarta Sans|500|||||||&#8220; cc_content_text_color=&#8220;#F6F6F6&#8243; cc_content_font_size=&#8220;24px&#8220; cc_content_letter_spacing=&#8220;0.5px&#8220; cc_content_line_height=&#8220;24px&#8220; df_content_inherit_font=&#8220;&#8211;et_global_body_font|&#8211;et_global_body_font_weight|||||||&#8220; df_content_inherit_text_color=&#8220;#F6F6F6&#8243; button_font=&#8220;Plus Jakarta Sans|600|||||||&#8220; button_text_color=&#8220;#f6f6f6&#8243; button_font_size=&#8220;16px&#8220; button_letter_spacing=&#8220;0.5px&#8220; button_line_height=&#8220;24px&#8220; background_color=&#8220;#FFFFFF&#8220; cc_content_text_color_tablet=&#8220;#F6F6F6&#8243; cc_content_text_color_phone=&#8220;#F6F6F6&#8243; cc_content_text_color_last_edited=&#8220;on|desktop&#8220; cc_content_font_size_tablet=&#8220;20px&#8220; cc_content_font_size_phone=&#8220;16px&#8220; cc_content_font_size_last_edited=&#8220;on|tablet&#8220; cc_content_line_height_tablet=&#8220;24px&#8220; cc_content_line_height_phone=&#8220;24px&#8220; cc_content_line_height_last_edited=&#8220;on|desktop&#8220; button_font_size_tablet=&#8220;15px&#8220; button_font_size_phone=&#8220;14px&#8220; button_font_size_last_edited=&#8220;on|desktop&#8220; border_radii=&#8220;on|4px|4px|4px|4px&#8220; border_width_all=&#8220;1px&#8220; global_colors_info=&#8220;{}&#8220; button_text_color__hover_enabled=&#8220;on|desktop&#8220; button_text_color__hover=&#8220;#09070c&#8220; cc_title_text_color__hover_enabled=&#8220;on|desktop&#8220; cc_title_text_color__hover=&#8220;#08070b&#8220; cc_content_text_color__hover_enabled=&#8220;on|desktop&#8220; cc_content_text_color__hover=&#8220;#08070B&#8220;][difl_contentcarouselitem title=&#8220;Orthop\u00e4dische Sohlen&#8220; df_cci_image=&#8220;https:\/\/pbssoles.it\/wp-content\/uploads\/2025\/05\/Suole-per-ortopedia1.png&#8220; df_title_bg_bgcolor=&#8220;RGBA(255,255,255,0)&#8220; cc_button_button_text=&#8220;Zum Produkt&#8220; cc_button_button_url=&#8220;@ET-DC@eyJkeW5hbWljIjp0cnVlLCJjb250ZW50IjoicG9zdF9saW5rX3VybF9wYWdlIiwic2V0dGluZ3MiOnsicG9zdF9pZCI6IjM3IiwiZW5hYmxlX2h0bWwiOiJvZmYifX0=@&#8220; cc_button_button_url_new_window=&#8220;1&#8243; btn_use_icon=&#8220;on&#8220; btn_font_icon=&#8220;&#x26;||divi||400&#8243; btn_icon_color=&#8220;#DA2C1C&#8220; _builder_version=&#8220;4.27.4&#8243; _dynamic_attributes=&#8220;cc_button_button_url&#8220; _module_preset=&#8220;default&#8220; cc_title_text_color=&#8220;#000000&#8243; df_content_inherit_font=&#8220;&#8211;et_global_body_font|&#8211;et_global_body_font_weight|||||||&#8220; df_content_inherit_text_color=&#8220;#111D15&#8243; df_content_inherit_font_size=&#8220;17px&#8220; button_font=&#8220;&#8211;et_global_body_font|600|||||||&#8220; button_text_color=&#8220;#DA2C1C&#8220; background_enable_image=&#8220;off&#8220; border_color_all=&#8220;#DA2C1C&#8220; global_colors_info=&#8220;{}&#8220; background__hover_enabled=&#8220;on|hover&#8220; background_color__hover=&#8220;rgba(218,44,28,0.1)&#8220; background_enable_color__hover=&#8220;on&#8220; cc_title_text_color__hover_enabled=&#8220;on|hover&#8220; cc_title_text_color__hover=&#8220;#111D15&#8243; btn_icon_color__hover_enabled=&#8220;on|hover&#8220; btn_icon_color__hover=&#8220;#DA2C1C&#8220; button_text_color__hover_enabled=&#8220;on|hover&#8220; button_text_color__hover=&#8220;#DA2C1C&#8220;]<\/p>\n<p>Anatomische Unterst\u00fctzung und Haltungskomfort.<\/p>\n<p>[\/difl_contentcarouselitem][difl_contentcarouselitem title=&#8220;Sneaker-Sohlen&#8220; df_cci_image=&#8220;https:\/\/pbssoles.it\/wp-content\/uploads\/2025\/05\/Produzione-suole-sneaker-design-funzionalita-e-versatilita.png&#8220; df_title_bg_bgcolor=&#8220;RGBA(255,255,255,0)&#8220; cc_button_button_text=&#8220;Zum Produkt&#8220; cc_button_button_url=&#8220;@ET-DC@eyJkeW5hbWljIjp0cnVlLCJjb250ZW50IjoicG9zdF9saW5rX3VybF9wYWdlIiwic2V0dGluZ3MiOnsicG9zdF9pZCI6IjM5IiwiZW5hYmxlX2h0bWwiOiJvZmYifX0=@&#8220; cc_button_button_url_new_window=&#8220;1&#8243; btn_use_icon=&#8220;on&#8220; btn_font_icon=&#8220;&#x26;||divi||400&#8243; btn_icon_color=&#8220;#DA2C1C&#8220; _builder_version=&#8220;4.27.4&#8243; _dynamic_attributes=&#8220;cc_button_button_url&#8220; _module_preset=&#8220;default&#8220; cc_title_text_color=&#8220;#000000&#8243; df_content_inherit_font=&#8220;&#8211;et_global_body_font|&#8211;et_global_body_font_weight|||||||&#8220; df_content_inherit_text_color=&#8220;#111D15&#8243; df_content_inherit_font_size=&#8220;17px&#8220; button_font=&#8220;&#8211;et_global_body_font|600|||||||&#8220; button_text_color=&#8220;#DA2C1C&#8220; background_enable_image=&#8220;off&#8220; border_color_all=&#8220;#DA2C1C&#8220; global_colors_info=&#8220;{}&#8220; background__hover_enabled=&#8220;on|hover&#8220; background_color__hover=&#8220;rgba(218,44,28,0.1)&#8220; background_enable_color__hover=&#8220;on&#8220; cc_title_text_color__hover_enabled=&#8220;on|hover&#8220; cc_title_text_color__hover=&#8220;#111D15&#8243; btn_icon_color__hover_enabled=&#8220;on|hover&#8220; btn_icon_color__hover=&#8220;#DA2C1C&#8220; button_text_color__hover_enabled=&#8220;on|hover&#8220; button_text_color__hover=&#8220;#DA2C1C&#8220;]<\/p>\n<p>Flexibilit\u00e4t, Leichtigkeit und urbaner Stil.<\/p>\n<p>[\/difl_contentcarouselitem][difl_contentcarouselitem title=&#8220;Sandalensohlen&#8220; df_cci_image=&#8220;https:\/\/pbssoles.it\/wp-content\/uploads\/2025\/05\/Produzione-suole-per-sandali.png&#8220; df_title_bg_bgcolor=&#8220;RGBA(255,255,255,0)&#8220; cc_button_button_text=&#8220;Zum Produkt&#8220; cc_button_button_url=&#8220;@ET-DC@eyJkeW5hbWljIjp0cnVlLCJjb250ZW50IjoicG9zdF9saW5rX3VybF9wYWdlIiwic2V0dGluZ3MiOnsicG9zdF9pZCI6IjQxIiwiZW5hYmxlX2h0bWwiOiJvZmYifX0=@&#8220; cc_button_button_url_new_window=&#8220;1&#8243; btn_use_icon=&#8220;on&#8220; btn_font_icon=&#8220;&#x26;||divi||400&#8243; btn_icon_color=&#8220;#DA2C1C&#8220; _builder_version=&#8220;4.27.4&#8243; _dynamic_attributes=&#8220;cc_button_button_url&#8220; _module_preset=&#8220;default&#8220; cc_title_text_color=&#8220;#000000&#8243; df_content_inherit_font=&#8220;&#8211;et_global_body_font|&#8211;et_global_body_font_weight|||||||&#8220; df_content_inherit_text_color=&#8220;#111D15&#8243; df_content_inherit_font_size=&#8220;17px&#8220; button_font=&#8220;&#8211;et_global_body_font|600|||||||&#8220; button_text_color=&#8220;#DA2C1C&#8220; background_enable_image=&#8220;off&#8220; border_color_all=&#8220;#DA2C1C&#8220; global_colors_info=&#8220;{}&#8220; background__hover_enabled=&#8220;on|hover&#8220; background_color__hover=&#8220;rgba(218,44,28,0.1)&#8220; background_enable_color__hover=&#8220;on&#8220; cc_title_text_color__hover_enabled=&#8220;on|hover&#8220; cc_title_text_color__hover=&#8220;#111D15&#8243; btn_icon_color__hover_enabled=&#8220;on|hover&#8220; btn_icon_color__hover=&#8220;#DA2C1C&#8220; button_text_color__hover_enabled=&#8220;on|hover&#8220; button_text_color__hover=&#8220;#DA2C1C&#8220;]<\/p>\n<p>Nat\u00fcrliche Materialien und sommerlicher Komfort.<\/p>\n<p>[\/difl_contentcarouselitem][difl_contentcarouselitem title=&#8220;Komfortsohlen&#8220; df_cci_image=&#8220;https:\/\/pbssoles.it\/wp-content\/uploads\/2025\/05\/Produzione-suole-per-sandali-1.png&#8220; df_title_bg_bgcolor=&#8220;RGBA(255,255,255,0)&#8220; cc_button_button_text=&#8220;Zum Produkt&#8220; cc_button_button_url=&#8220;@ET-DC@eyJkeW5hbWljIjp0cnVlLCJjb250ZW50IjoicG9zdF9saW5rX3VybF9wYWdlIiwic2V0dGluZ3MiOnsicG9zdF9pZCI6IjQzIiwiZW5hYmxlX2h0bWwiOiJvZmYifX0=@&#8220; cc_button_button_url_new_window=&#8220;1&#8243; btn_use_icon=&#8220;on&#8220; btn_font_icon=&#8220;&#x26;||divi||400&#8243; btn_icon_color=&#8220;#DA2C1C&#8220; _builder_version=&#8220;4.27.4&#8243; _dynamic_attributes=&#8220;cc_button_button_url&#8220; _module_preset=&#8220;default&#8220; cc_title_text_color=&#8220;#000000&#8243; df_content_inherit_font=&#8220;&#8211;et_global_body_font|&#8211;et_global_body_font_weight|||||||&#8220; df_content_inherit_text_color=&#8220;#111D15&#8243; df_content_inherit_font_size=&#8220;17px&#8220; button_font=&#8220;&#8211;et_global_body_font|600|||||||&#8220; button_text_color=&#8220;#DA2C1C&#8220; background_enable_image=&#8220;off&#8220; border_color_all=&#8220;#DA2C1C&#8220; global_colors_info=&#8220;{}&#8220; background__hover_enabled=&#8220;on|hover&#8220; background_color__hover=&#8220;rgba(218,44,28,0.1)&#8220; background_enable_color__hover=&#8220;on&#8220; cc_title_text_color__hover_enabled=&#8220;on|hover&#8220; cc_title_text_color__hover=&#8220;#111D15&#8243; btn_icon_color__hover_enabled=&#8220;on|hover&#8220; btn_icon_color__hover=&#8220;#DA2C1C&#8220; button_text_color__hover_enabled=&#8220;on|hover&#8220; button_text_color__hover=&#8220;#DA2C1C&#8220;]<\/p>\n<p>Eleganz und Bequemlichkeit f\u00fcr den Alltag.<\/p>\n<p>[\/difl_contentcarouselitem][difl_contentcarouselitem title=&#8220;Sport- &amp; Outdoor-Sohlen&#8220; df_cci_image=&#8220;https:\/\/pbssoles.it\/wp-content\/uploads\/2025\/05\/Produzione-suole-Sport-Outdoor-tecnologia-e-personalizzazione.png&#8220; df_title_bg_bgcolor=&#8220;RGBA(255,255,255,0)&#8220; cc_button_button_text=&#8220;Zum Produkt&#8220; cc_button_button_url=&#8220;@ET-DC@eyJkeW5hbWljIjp0cnVlLCJjb250ZW50IjoicG9zdF9saW5rX3VybF9wYWdlIiwic2V0dGluZ3MiOnsicG9zdF9pZCI6IjQ1IiwiZW5hYmxlX2h0bWwiOiJvZmYifX0=@&#8220; cc_button_button_url_new_window=&#8220;1&#8243; btn_use_icon=&#8220;on&#8220; btn_font_icon=&#8220;&#x26;||divi||400&#8243; btn_icon_color=&#8220;#DA2C1C&#8220; _builder_version=&#8220;4.27.4&#8243; _dynamic_attributes=&#8220;cc_button_button_url&#8220; _module_preset=&#8220;default&#8220; cc_title_text_color=&#8220;#000000&#8243; df_content_inherit_font=&#8220;&#8211;et_global_body_font|&#8211;et_global_body_font_weight|||||||&#8220; df_content_inherit_text_color=&#8220;#111D15&#8243; df_content_inherit_font_size=&#8220;17px&#8220; button_font=&#8220;&#8211;et_global_body_font|600|||||||&#8220; button_text_color=&#8220;#DA2C1C&#8220; background_enable_image=&#8220;off&#8220; border_color_all=&#8220;#DA2C1C&#8220; global_colors_info=&#8220;{}&#8220; background__hover_enabled=&#8220;on|hover&#8220; background_color__hover=&#8220;rgba(218,44,28,0.1)&#8220; background_enable_color__hover=&#8220;on&#8220; cc_title_text_color__hover_enabled=&#8220;on|hover&#8220; cc_title_text_color__hover=&#8220;#111D15&#8243; btn_icon_color__hover_enabled=&#8220;on|hover&#8220; btn_icon_color__hover=&#8220;#DA2C1C&#8220; button_text_color__hover_enabled=&#8220;on|hover&#8220; button_text_color__hover=&#8220;#DA2C1C&#8220;]<\/p>\n<p>Widerstandsf\u00e4higkeit und Leistung auf jedem Untergrund.<\/p>\n<p>[\/difl_contentcarouselitem][difl_contentcarouselitem title=&#8220;Sockenschuhe-Sohlen&#8220; df_cci_image=&#8220;https:\/\/pbssoles.it\/wp-content\/uploads\/2025\/05\/Caratteristiche-delle-nostre-suole-per-scarpe-calza.png&#8220; df_title_bg_bgcolor=&#8220;RGBA(255,255,255,0)&#8220; cc_button_button_text=&#8220;Zum Produkt&#8220; cc_button_button_url=&#8220;@ET-DC@eyJkeW5hbWljIjp0cnVlLCJjb250ZW50IjoicG9zdF9saW5rX3VybF9wYWdlIiwic2V0dGluZ3MiOnsicG9zdF9pZCI6IjQ3IiwiZW5hYmxlX2h0bWwiOiJvZmYifX0=@&#8220; cc_button_button_url_new_window=&#8220;1&#8243; btn_use_icon=&#8220;on&#8220; btn_font_icon=&#8220;&#x26;||divi||400&#8243; btn_icon_color=&#8220;#DA2C1C&#8220; _builder_version=&#8220;4.27.4&#8243; _dynamic_attributes=&#8220;cc_button_button_url&#8220; _module_preset=&#8220;default&#8220; cc_title_text_color=&#8220;#000000&#8243; df_content_inherit_font=&#8220;&#8211;et_global_body_font|&#8211;et_global_body_font_weight|||||||&#8220; df_content_inherit_text_color=&#8220;#111D15&#8243; df_content_inherit_font_size=&#8220;17px&#8220; button_font=&#8220;&#8211;et_global_body_font|600|||||||&#8220; button_text_color=&#8220;#DA2C1C&#8220; background_enable_image=&#8220;off&#8220; border_color_all=&#8220;#DA2C1C&#8220; global_colors_info=&#8220;{}&#8220; background__hover_enabled=&#8220;on|hover&#8220; background_color__hover=&#8220;rgba(218,44,28,0.1)&#8220; background_enable_color__hover=&#8220;on&#8220; cc_title_text_color__hover_enabled=&#8220;on|hover&#8220; cc_title_text_color__hover=&#8220;#111D15&#8243; btn_icon_color__hover_enabled=&#8220;on|hover&#8220; btn_icon_color__hover=&#8220;#DA2C1C&#8220; button_text_color__hover_enabled=&#8220;on|hover&#8220; button_text_color__hover=&#8220;#DA2C1C&#8220;]<\/p>\n<p>Leichtigkeit, Elastizit\u00e4t und formfreie Produktion.<\/p>\n<p>[\/difl_contentcarouselitem][difl_contentcarouselitem title=&#8220;Modische Sohlen&#8220; df_cci_image=&#8220;https:\/\/pbssoles.it\/wp-content\/uploads\/2025\/05\/Produzione-suole-moda.png&#8220; df_title_bg_bgcolor=&#8220;RGBA(255,255,255,0)&#8220; cc_button_button_text=&#8220;Zum Produkt&#8220; cc_button_button_url=&#8220;@ET-DC@eyJkeW5hbWljIjp0cnVlLCJjb250ZW50IjoicG9zdF9saW5rX3VybF9wYWdlIiwic2V0dGluZ3MiOnsicG9zdF9pZCI6IjQ5IiwiZW5hYmxlX2h0bWwiOiJvZmYifX0=@&#8220; cc_button_button_url_new_window=&#8220;1&#8243; btn_use_icon=&#8220;on&#8220; btn_font_icon=&#8220;&#x26;||divi||400&#8243; btn_icon_color=&#8220;#DA2C1C&#8220; _builder_version=&#8220;4.27.4&#8243; _dynamic_attributes=&#8220;cc_button_button_url&#8220; _module_preset=&#8220;default&#8220; cc_title_text_color=&#8220;#000000&#8243; df_content_inherit_font=&#8220;&#8211;et_global_body_font|&#8211;et_global_body_font_weight|||||||&#8220; df_content_inherit_text_color=&#8220;#111D15&#8243; df_content_inherit_font_size=&#8220;17px&#8220; button_font=&#8220;&#8211;et_global_body_font|600|||||||&#8220; button_text_color=&#8220;#DA2C1C&#8220; background_enable_image=&#8220;off&#8220; border_color_all=&#8220;#DA2C1C&#8220; global_colors_info=&#8220;{}&#8220; background__hover_enabled=&#8220;on|hover&#8220; background_color__hover=&#8220;rgba(218,44,28,0.1)&#8220; background_enable_color__hover=&#8220;on&#8220; cc_title_text_color__hover_enabled=&#8220;on|hover&#8220; cc_title_text_color__hover=&#8220;#111D15&#8243; btn_icon_color__hover_enabled=&#8220;on|hover&#8220; btn_icon_color__hover=&#8220;#DA2C1C&#8220; button_text_color__hover_enabled=&#8220;on|hover&#8220; button_text_color__hover=&#8220;#DA2C1C&#8220;]<\/p>\n<p data-start=\"537\" data-end=\"586\" class=\"\">Exklusives Design und ma\u00dfgeschneiderte Oberfl\u00e4chen.<\/p>\n<p data-start=\"588\" data-end=\"684\" class=\"\">[\/difl_contentcarouselitem][\/difl_contentcarousel][\/et_pb_column][\/et_pb_row][\/et_pb_section][et_pb_section fb_built=&#8220;1&#8243; _builder_version=&#8220;4.27.4&#8243; _module_preset=&#8220;default&#8220; collapsed=&#8220;off&#8220; global_colors_info=&#8220;{}&#8220;][et_pb_row _builder_version=&#8220;4.27.4&#8243; _module_preset=&#8220;default&#8220; width=&#8220;60%&#8220; width_tablet=&#8220;80%&#8220; width_phone=&#8220;80%&#8220; width_last_edited=&#8220;on|tablet&#8220; custom_padding=&#8220;0px||0px||false|false&#8220; global_colors_info=&#8220;{}&#8220;][et_pb_column type=&#8220;4_4&#8243; _builder_version=&#8220;4.27.4&#8243; _module_preset=&#8220;default&#8220; global_colors_info=&#8220;{}&#8220;][et_pb_text _builder_version=&#8220;4.27.4&#8243; _module_preset=&#8220;default&#8220; text_font=&#8220;|||on|||||&#8220; text_text_color=&#8220;#DA2C1C&#8220; text_orientation=&#8220;center&#8220; global_colors_info=&#8220;{}&#8220;]<\/p>\n<p>Materialien<\/p>\n<p>[\/et_pb_text][et_pb_heading title=&#8220;Sohlen f\u00fcr jeden Stil, jede Funktion und jedes Material&#8220; _builder_version=&#8220;4.27.4&#8243; _module_preset=&#8220;default&#8220; title_level=&#8220;h2&#8243; title_text_align=&#8220;center&#8220; custom_margin=&#8220;||14px|||&#8220; global_colors_info=&#8220;{}&#8220;][\/et_pb_heading][et_pb_text _builder_version=&#8220;4.27.4&#8243; _module_preset=&#8220;default&#8220; text_orientation=&#8220;center&#8220; global_colors_info=&#8220;{}&#8220;]<\/p>\n<p>PBS Soles Srl bietet eine gro\u00dfe Auswahl an Schuhsohlen, die ein perfektes Gleichgewicht zwischen Innovation und Tradition gew\u00e4hrleisten. Dank der flexiblen Produktion k\u00f6nnen ma\u00dfgeschneiderte Sohlen auch in kleinen Mengen hergestellt werden. <\/p>\n<p>[\/et_pb_text][\/et_pb_column][\/et_pb_row][et_pb_row column_structure=&#8220;1_2,1_2&#8243; make_equal=&#8220;on&#8220; _builder_version=&#8220;4.27.4&#8243; _module_preset=&#8220;default&#8220; width=&#8220;60%&#8220; width_tablet=&#8220;80%&#8220; width_phone=&#8220;80%&#8220; width_last_edited=&#8220;on|tablet&#8220; custom_css_main_element=&#8220;align-items: center&#8220; global_colors_info=&#8220;{}&#8220;][et_pb_column type=&#8220;1_2&#8243; _builder_version=&#8220;4.27.4&#8243; _module_preset=&#8220;default&#8220; global_colors_info=&#8220;{}&#8220;][difl_imagemask image=&#8220;https:\/\/pbssoles.it\/wp-content\/uploads\/2025\/06\/Prodotti-2.jpg&#8220; image_full_width=&#8220;on&#8220; _builder_version=&#8220;4.27.4&#8243; _module_preset=&#8220;default&#8220; global_colors_info=&#8220;{}&#8220;][\/difl_imagemask][\/et_pb_column][et_pb_column type=&#8220;1_2&#8243; _builder_version=&#8220;4.27.4&#8243; _module_preset=&#8220;default&#8220; global_colors_info=&#8220;{}&#8220;][difl_iconlist _builder_version=&#8220;4.27.4&#8243; _module_preset=&#8220;default&#8220; global_colors_info=&#8220;{}&#8220;][difl_iconlistitem list_item_title=&#8220;EVA (Ethylen-Vinylacetat) &#8220; list_item_icon_type=&#8220;image&#8220; list_item_image=&#8220;https:\/\/pbssoles.it\/wp-content\/uploads\/2025\/05\/EVA.svg&#8220; _builder_version=&#8220;4.27.4&#8243; global_colors_info=&#8220;{}&#8220;]<\/p>\n<p>Leicht, vielseitig, hoch belastbar.<\/p>\n<p>[\/difl_iconlistitem][difl_iconlistitem list_item_title=&#8220;Mikropor\u00f6ses Material &#8220; list_item_icon_type=&#8220;image&#8220; list_item_image=&#8220;https:\/\/pbssoles.it\/wp-content\/uploads\/2025\/05\/Microporosa.svg&#8220; _builder_version=&#8220;4.27.4&#8243; global_colors_info=&#8220;{}&#8220;]<\/p>\n<p>Hervorragender Komfort und Anpassungsf\u00e4higkeit.<\/p>\n<p>[\/difl_iconlistitem][difl_iconlistitem list_item_title=&#8220;Gummi&#8220; list_item_icon_type=&#8220;image&#8220; list_item_image=&#8220;https:\/\/pbssoles.it\/wp-content\/uploads\/2025\/05\/Gomma.svg&#8220; _builder_version=&#8220;4.27.4&#8243; global_colors_info=&#8220;{}&#8220;]<\/p>\n<p>Widerstandsf\u00e4hig und langlebig.<\/p>\n<p>[\/difl_iconlistitem][difl_iconlistitem list_item_title=&#8220;Agglomerierter Kork &#8220; list_item_icon_type=&#8220;image&#8220; list_item_image=&#8220;https:\/\/pbssoles.it\/wp-content\/uploads\/2025\/05\/Sughero.svg&#8220; _builder_version=&#8220;4.27.4&#8243; global_colors_info=&#8220;{}&#8220;]<\/p>\n<p>Nat\u00fcrliches Material f\u00fcr umweltfreundliche L\u00f6sungen.<\/p>\n<p>[\/difl_iconlistitem][\/difl_iconlist][et_pb_text _builder_version=&#8220;4.27.4&#8243; _module_preset=&#8220;default&#8220; text_font=&#8220;|300|||||||&#8220; global_colors_info=&#8220;{}&#8220;]<\/p>\n<p><a href=\"\/contatti\">Kontaktieren Sie uns  &gt;<\/a><\/p>\n<p>[\/et_pb_text][\/et_pb_column][\/et_pb_row][\/et_pb_section]<\/p>\n","protected":false},"excerpt":{"rendered":"<p>Unsere ProdukteMa\u00dfgefertigte Sohlen f\u00fcr jede Anforderung \u2013 entwickelt, um Funktionalit\u00e4t, Komfort und Stil zu vereinen und sich an jede Art von Schuhwerk anzupassen, vom technischen Modell bis zur Modekollektion.<div class=\"et_pb_module difl_contentcarousel difl_contentcarousel_0\">\n\t\t\t\t\n\t\t\t\t\n\t\t\t\t\n\t\t\t\t\n\t\t\t\t\n\t\t\t\t\n\t\t\t\t<div class=\"et_pb_module_inner\">\n\t\t\t\t\t<h2 style=\"background:#eee; padding: 10px 20px;\">Please <strong>Add New Item<\/strong> to continue<\/h2>\n\t\t\t\t<\/div>\n\t\t\t<\/div><\/p>\n","protected":false},"author":1,"featured_media":0,"parent":0,"menu_order":0,"comment_status":"closed","ping_status":"closed","template":"","meta":{"_acf_changed":false,"_et_pb_use_builder":"on","_et_pb_old_content":"","_et_gb_content_width":"","footnotes":""},"class_list":["post-283343","page","type-page","status-publish","hentry"],"acf":[],"_links":{"self":[{"href":"https:\/\/pbssoles.it\/de\/wp-json\/wp\/v2\/pages\/283343","targetHints":{"allow":["GET"]}}],"collection":[{"href":"https:\/\/pbssoles.it\/de\/wp-json\/wp\/v2\/pages"}],"about":[{"href":"https:\/\/pbssoles.it\/de\/wp-json\/wp\/v2\/types\/page"}],"author":[{"embeddable":true,"href":"https:\/\/pbssoles.it\/de\/wp-json\/wp\/v2\/users\/1"}],"replies":[{"embeddable":true,"href":"https:\/\/pbssoles.it\/de\/wp-json\/wp\/v2\/comments?post=283343"}],"version-history":[{"count":0,"href":"https:\/\/pbssoles.it\/de\/wp-json\/wp\/v2\/pages\/283343\/revisions"}],"wp:attachment":[{"href":"https:\/\/pbssoles.it\/de\/wp-json\/wp\/v2\/media?parent=283343"}],"curies":[{"name":"wp","href":"https:\/\/api.w.org\/{rel}","templated":true}]}}